{"id":38,"date":"2025-12-13T14:46:38","date_gmt":"2025-12-13T14:46:38","guid":{"rendered":"https:\/\/www.leikabrest.fr\/?page_id=38"},"modified":"2026-04-12T10:16:00","modified_gmt":"2026-04-12T10:16:00","slug":"home","status":"publish","type":"page","link":"https:\/\/www.leikabrest.fr\/","title":{"rendered":"Home"},"content":{"rendered":"\n<ul class=\"wp-block-social-links aligncenter is-style-logos-only is-content-justification-space-between is-layout-flex wp-container-core-social-links-is-layout-3d213aab wp-block-social-links-is-layout-flex\"><li class=\"wp-social-link wp-social-link-facebook  wp-block-social-link\"><a href=\"https:\/\/www.facebook.com\/LeiKaBrest\/?locale=fr_FR\" class=\"wp-block-social-link-anchor\"><svg width=\"24\" height=\"24\" viewBox=\"0 0 24 24\" version=\"1.1\" xmlns=\"http:\/\/www.w3.org\/2000\/svg\" aria-hidden=\"true\" focusable=\"false\"><path d=\"M12 2C6.5 2 2 6.5 2 12c0 5 3.7 9.1 8.4 9.9v-7H7.9V12h2.5V9.8c0-2.5 1.5-3.9 3.8-3.9 1.1 0 2.2.2 2.2.2v2.5h-1.3c-1.2 0-1.6.8-1.6 1.6V12h2.8l-.4 2.9h-2.3v7C18.3 21.1 22 17 22 12c0-5.5-4.5-10-10-10z\"><\/path><\/svg><span class=\"wp-block-social-link-label screen-reader-text\">Facebook<\/span><\/a><\/li>\n\n<li class=\"wp-social-link wp-social-link-instagram  wp-block-social-link\"><a href=\"https:\/\/www.instagram.com\/leika_brest\/\" class=\"wp-block-social-link-anchor\"><svg width=\"24\" height=\"24\" viewBox=\"0 0 24 24\" version=\"1.1\" xmlns=\"http:\/\/www.w3.org\/2000\/svg\" aria-hidden=\"true\" focusable=\"false\"><path d=\"M12,4.622c2.403,0,2.688,0.009,3.637,0.052c0.877,0.04,1.354,0.187,1.671,0.31c0.42,0.163,0.72,0.358,1.035,0.673 c0.315,0.315,0.51,0.615,0.673,1.035c0.123,0.317,0.27,0.794,0.31,1.671c0.043,0.949,0.052,1.234,0.052,3.637 s-0.009,2.688-0.052,3.637c-0.04,0.877-0.187,1.354-0.31,1.671c-0.163,0.42-0.358,0.72-0.673,1.035 c-0.315,0.315-0.615,0.51-1.035,0.673c-0.317,0.123-0.794,0.27-1.671,0.31c-0.949,0.043-1.233,0.052-3.637,0.052 s-2.688-0.009-3.637-0.052c-0.877-0.04-1.354-0.187-1.671-0.31c-0.42-0.163-0.72-0.358-1.035-0.673 c-0.315-0.315-0.51-0.615-0.673-1.035c-0.123-0.317-0.27-0.794-0.31-1.671C4.631,14.688,4.622,14.403,4.622,12 s0.009-2.688,0.052-3.637c0.04-0.877,0.187-1.354,0.31-1.671c0.163-0.42,0.358-0.72,0.673-1.035 c0.315-0.315,0.615-0.51,1.035-0.673c0.317-0.123,0.794-0.27,1.671-0.31C9.312,4.631,9.597,4.622,12,4.622 M12,3 C9.556,3,9.249,3.01,8.289,3.054C7.331,3.098,6.677,3.25,6.105,3.472C5.513,3.702,5.011,4.01,4.511,4.511 c-0.5,0.5-0.808,1.002-1.038,1.594C3.25,6.677,3.098,7.331,3.054,8.289C3.01,9.249,3,9.556,3,12c0,2.444,0.01,2.751,0.054,3.711 c0.044,0.958,0.196,1.612,0.418,2.185c0.23,0.592,0.538,1.094,1.038,1.594c0.5,0.5,1.002,0.808,1.594,1.038 c0.572,0.222,1.227,0.375,2.185,0.418C9.249,20.99,9.556,21,12,21s2.751-0.01,3.711-0.054c0.958-0.044,1.612-0.196,2.185-0.418 c0.592-0.23,1.094-0.538,1.594-1.038c0.5-0.5,0.808-1.002,1.038-1.594c0.222-0.572,0.375-1.227,0.418-2.185 C20.99,14.751,21,14.444,21,12s-0.01-2.751-0.054-3.711c-0.044-0.958-0.196-1.612-0.418-2.185c-0.23-0.592-0.538-1.094-1.038-1.594 c-0.5-0.5-1.002-0.808-1.594-1.038c-0.572-0.222-1.227-0.375-2.185-0.418C14.751,3.01,14.444,3,12,3L12,3z M12,7.378 c-2.552,0-4.622,2.069-4.622,4.622S9.448,16.622,12,16.622s4.622-2.069,4.622-4.622S14.552,7.378,12,7.378z M12,15 c-1.657,0-3-1.343-3-3s1.343-3,3-3s3,1.343,3,3S13.657,15,12,15z M16.804,6.116c-0.596,0-1.08,0.484-1.08,1.08 s0.484,1.08,1.08,1.08c0.596,0,1.08-0.484,1.08-1.08S17.401,6.116,16.804,6.116z\"><\/path><\/svg><span class=\"wp-block-social-link-label screen-reader-text\">Instagram<\/span><\/a><\/li>\n\n<li class=\"wp-social-link wp-social-link-youtube  wp-block-social-link\"><a href=\"https:\/\/www.youtube.com\/@leika9676\" class=\"wp-block-social-link-anchor\"><svg width=\"24\" height=\"24\" viewBox=\"0 0 24 24\" version=\"1.1\" xmlns=\"http:\/\/www.w3.org\/2000\/svg\" aria-hidden=\"true\" focusable=\"false\"><path d=\"M21.8,8.001c0,0-0.195-1.378-0.795-1.985c-0.76-0.797-1.613-0.801-2.004-0.847c-2.799-0.202-6.997-0.202-6.997-0.202 h-0.009c0,0-4.198,0-6.997,0.202C4.608,5.216,3.756,5.22,2.995,6.016C2.395,6.623,2.2,8.001,2.2,8.001S2,9.62,2,11.238v1.517 c0,1.618,0.2,3.237,0.2,3.237s0.195,1.378,0.795,1.985c0.761,0.797,1.76,0.771,2.205,0.855c1.6,0.153,6.8,0.201,6.8,0.201 s4.203-0.006,7.001-0.209c0.391-0.047,1.243-0.051,2.004-0.847c0.6-0.607,0.795-1.985,0.795-1.985s0.2-1.618,0.2-3.237v-1.517 C22,9.62,21.8,8.001,21.8,8.001z M9.935,14.594l-0.001-5.62l5.404,2.82L9.935,14.594z\"><\/path><\/svg><span class=\"wp-block-social-link-label screen-reader-text\">YouTube<\/span><\/a><\/li><\/ul>\n\n\n\n<div class=\"wp-block-group\"><div class=\"wp-block-group__inner-container is-layout-constrained wp-block-group-is-layout-constrained\">\n<h2 class=\"wp-block-heading\" id=\"bio\">Bio<\/h2>\n\n\n\n<pre class=\"wp-block-preformatted\" style=\"font-size:16px\">LeiKa c\u2019est un groupe pop-rock alternatif qui propose ses propres compositions et chante en Fran\u00e7ais. Les membres viennent d\u2019une autre plan\u00e8te, trop compliqu\u00e9 \u00e0 expliquer\u2026 Ils essaient modestement de changer le monde. Les paroles des chansons sont pratiquement toutes \u00e0 double ou triple tiroirs (c\u2019est <a href=\"https:\/\/314air.fr\" data-type=\"link\" data-id=\"https:\/\/314air.fr\">3.14Air<\/a> \u2013 alias Pierre De Loor \u2013 l\u2019auteur\/compositeur du groupe). Vous y retrouverez sans doute les influences d\u2019une \u00e9coute intensive de Dominique A, Alain Bashung, des Rita Mitsouko, Camille, Arthur H, Souchon ou m\u00eame Philippe Katherine mais tout cela avec une voix f\u00e9minine envoutante (Caroline). Souvent engag\u00e9s entre humanisme et \u00e9cologie, ils sont \u00e9galement capables de ne pas se prendre au s\u00e9rieux. Ils jouent ensemble depuis plus de vingt ans et ont peaufin\u00e9 un jeu net et efficace qui emm\u00e8ne le public entre terre, humains et espace. Ils se sont rencontr\u00e9s \u00e0 Brest, ont d\u00e9but\u00e9 par des reprises de chanson fran\u00e7aise sous le nom du groupe \u00ab K-Plat \u00bb. Depuis, leur musique s\u2019est personnalis\u00e9e, les compositions et les concerts ont fait murir la proposition artistique.<\/pre>\n<\/div><\/div>\n\n\n\n<h2 class=\"wp-block-heading\" id=\"concerts\">Concerts<\/h2>\n\n\n\n<div style=\"position:relative;width:100%;padding-bottom:56.25%;height:0;overflow:hidden;\">\n  <iframe\n    src=\"https:\/\/www.youtube.com\/embed\/mzxack5TRTg?si=v7BvNsJmNf3opHuK\"\n    title=\"YouTube video player\"\n    frameborder=\"0\"\n    allow=\"accelerometer; autoplay; clipboard-write; encrypted-media; gyroscope; picture-in-picture; web-share\"\n    referrerpolicy=\"strict-origin-when-cross-origin\"\n    allowfullscreen\n    style=\"position:absolute;top:0;left:0;width:100%;height:100%;\">\n  <\/iframe>\n<\/div>\n\n\n\n<div class=\"wp-block-group is-nowrap is-layout-flex wp-container-core-group-is-layout-ad2f72ca wp-block-group-is-layout-flex\">\n<p>Leika compte des dizaines de concerts \u00e0 son actif, dans le Finist\u00e8re et ailleurs. Emotion et bonne humeur sont au rendez vous avec des textes et des musiques originales. Parmis les sc\u00e8nes locales dans lesquelles il s\u2019est produit : La Car\u00e8ne ou le Vauban \u00e0 Brest, l\u2019Amphi \u00e0 Saint Renan ou encore l\u2019Astrolab au Relecq Kerhuon.<\/p>\n<\/div>\n\n\n\n<p style=\"font-size:12px\"><code>Quelques dates (on en oublie sans doute) : 23\/01\/26-Brest-[La Car\u00e8ne], <code>20\/07\/2024-Trebrivan-[Le Celtic],<\/code>17\/02\/24-Lannilis, 30\/06\/23-Brest-[La Raskette], 21\/10\/2023-Le Tr\u00e9hou-[Les Orties], 03\/06\/23-Saint-Renan-[L'Amphi], 22\/10\/22-Saint-Renan, 26\/06\/22-Guisseny, 21\/06\/22-Brest, 18\/06\/22-Tr\u00e9vargan, 22\/06\/19-Brest, 24\/05\/19-Brest-[Bar Le Siam], 23\/06\/18-Loperhet, 24\/06\/17-Le Relecq Kerhuon, 04\/06\/17-Brest-[Traon Bihan], 21\/06\/16-Brest, 13\/07\/16-Brest, 11\/06\/16-Edern, 03\/06\/16-Brest-Le Vauban, 06\/05\/16-Landunvez-[Les Cintr\u00e9s], 15-Landerneau et Tr\u00e9fl\u00e9v\u00e9nez, 30\/06\/15-Bellevue, 14-Landerneau, 12-Le Relecq Kerhuon, 26\/07\/13-Ploumoguer, 13-Recouvrance Brest, 15\/06\/13-K\u00e9redern, 12-Brest-Tonnerres, 12-Brest-Tour Tanguy, 11-Brest-Parc d'Eole, 10-Le Relecq et Brest-Parc d'Eole, 11\/10\/09-Brest-[Espace L\u00e9o Ferr\u00e9], 05\/07\/09-Loperhet, 23\/05\/09-Lannilis, 14\/03\/09-Sainte-S\u00e8ve, 14\/12\/08-Hanvec, 21\/06\/08-Loperhet, 05\/06\/08-Esplanade du Valy Hir, 30\/05\/08-Avel Vor K-JAZZ, 28\/03\/08-Coll\u00e8ge des 4 Moulins, 28\/04\/07-Ploudaniel, 07\/02\/07-Vauban Brest, 12-Lannilis-Boeuf Bruit de Noces, 10-Plestin les Gr\u00e8ves-K-Plat Jazz, 06-Landerneau et La Roche Maurice, 12\/05\/06-Plouzan\u00e9.<\/code><\/p>\n\n\n\n<h2 class=\"wp-block-heading\" id=\"videos\">Vid\u00e9os<\/h2>\n\n\n\n<div style=\"position:relative;padding-bottom:56.25%;height:0;overflow:hidden;max-width:100%;margin:0 auto;\">\n  <iframe \n    src=\"https:\/\/www.youtube.com\/embed\/62eTMWHxeyQ?si=wkk4UWB77HGpjhIs\" \n    title=\"YouTube video player\"\n    frameborder=\"0\"\n    allow=\"accelerometer; autoplay; clipboard-write; encrypted-media; gyroscope; picture-in-picture; web-share\"\n    referrerpolicy=\"strict-origin-when-cross-origin\"\n    allowfullscreen\n    style=\"position:absolute;top:0;left:0;width:100%;height:100%;\"\n  ><\/iframe>\n<\/div>\n\n\n\n<div style=\"position:relative;padding-bottom:56.25%;height:0;overflow:hidden;max-width:100%;margin:0 auto;\">\n  <iframe \n    src=\"https:\/\/www.youtube.com\/embed\/4MnYw4a0vGk?si=5E8je8EyMf5UqpXp\" \n    title=\"YouTube video player\"\n    frameborder=\"0\"\n    allow=\"accelerometer; autoplay; clipboard-write; encrypted-media; gyroscope; picture-in-picture; web-share\"\n    referrerpolicy=\"strict-origin-when-cross-origin\"\n    allowfullscreen\n    style=\"position:absolute;top:0;left:0;width:100%;height:100%;\"\n  ><\/iframe>\n<\/div>\n","protected":false},"excerpt":{"rendered":"<p>Bio LeiKa c\u2019est un groupe pop-rock alternatif qui propose ses propres compositions et chante en Fran\u00e7ais. Les membres viennent d\u2019une autre plan\u00e8te, trop compliqu\u00e9 \u00e0 expliquer\u2026 Ils essaient modestement de<span class=\"more-button\"><a href=\"https:\/\/www.leikabrest.fr\/\" class=\"more-link\">Continue reading<span class=\"screen-reader-text\">Home<\/span><\/a><\/span><\/p>\n","protected":false},"author":1,"featured_media":0,"parent":0,"menu_order":0,"comment_status":"closed","ping_status":"closed","template":"","meta":{"footnotes":""},"class_list":["post-38","page","type-page","status-publish","hentry"],"_links":{"self":[{"href":"https:\/\/www.leikabrest.fr\/index.php\/wp-json\/wp\/v2\/pages\/38","targetHints":{"allow":["GET"]}}],"collection":[{"href":"https:\/\/www.leikabrest.fr\/index.php\/wp-json\/wp\/v2\/pages"}],"about":[{"href":"https:\/\/www.leikabrest.fr\/index.php\/wp-json\/wp\/v2\/types\/page"}],"author":[{"embeddable":true,"href":"https:\/\/www.leikabrest.fr\/index.php\/wp-json\/wp\/v2\/users\/1"}],"replies":[{"embeddable":true,"href":"https:\/\/www.leikabrest.fr\/index.php\/wp-json\/wp\/v2\/comments?post=38"}],"version-history":[{"count":52,"href":"https:\/\/www.leikabrest.fr\/index.php\/wp-json\/wp\/v2\/pages\/38\/revisions"}],"predecessor-version":[{"id":149,"href":"https:\/\/www.leikabrest.fr\/index.php\/wp-json\/wp\/v2\/pages\/38\/revisions\/149"}],"wp:attachment":[{"href":"https:\/\/www.leikabrest.fr\/index.php\/wp-json\/wp\/v2\/media?parent=38"}],"curies":[{"name":"wp","href":"https:\/\/api.w.org\/{rel}","templated":true}]}}